{"id":8443,"date":"2024-12-03T16:42:18","date_gmt":"2024-12-03T15:42:18","guid":{"rendered":"https:\/\/sites1.tempurl.host\/b86118585.es\/?page_id=8443"},"modified":"2025-06-16T22:52:46","modified_gmt":"2025-06-16T20:52:46","slug":"contacto","status":"publish","type":"page","link":"https:\/\/novakingenieria.com\/%20\/contacto\/","title":{"rendered":"Contacto"},"content":{"rendered":"\t\t<div data-elementor-type=\"wp-page\" data-elementor-id=\"8443\" class=\"elementor elementor-8443\" data-elementor-post-type=\"page\">\n\t\t\t\t<div class=\"elementor-element elementor-element-0806bed e-flex e-con-boxed elementor-repeater-item-default_padding sk-none elementor-repeater-item-none elementor-repeater-item-none_hover e-con e-parent\" data-id=\"0806bed\" data-element_type=\"container\" data-e-type=\"container\" data-settings=\"{&quot;background_background&quot;:&quot;classic&quot;,&quot;ang_container_spacing_size&quot;:&quot;default_padding&quot;}\">\n\t\t\t\t\t<div class=\"e-con-inner\">\n\t\t<div class=\"elementor-element elementor-element-a5f4136 e-con-full e-flex elementor-repeater-item-default_padding elementor-repeater-item-none elementor-repeater-item-none_hover e-con e-child\" data-id=\"a5f4136\" data-element_type=\"container\" data-e-type=\"container\" data-settings=\"{&quot;ang_container_spacing_size&quot;:&quot;default_padding&quot;}\">\n\t\t<div class=\"elementor-element elementor-element-73d9edb e-con-full e-flex elementor-repeater-item-default_padding elementor-repeater-item-none elementor-repeater-item-none_hover e-con e-child\" data-id=\"73d9edb\" data-element_type=\"container\" data-e-type=\"container\" data-settings=\"{&quot;ang_container_spacing_size&quot;:&quot;default_padding&quot;}\">\n\t\t<div class=\"elementor-element elementor-element-abec3ef e-con-full e-flex elementor-repeater-item-default_padding elementor-repeater-item-none elementor-repeater-item-none_hover e-con e-child\" data-id=\"abec3ef\" data-element_type=\"container\" data-e-type=\"container\" data-settings=\"{&quot;ang_container_spacing_size&quot;:&quot;default_padding&quot;}\">\n\t\t\t\t<div class=\"elementor-element elementor-element-8bae18a elementor-repeater-item-none elementor-repeater-item-none_hover elementor-widget elementor-widget-heading\" data-id=\"8bae18a\" data-element_type=\"widget\" data-e-type=\"widget\" data-widget_type=\"heading.default\">\n\t\t\t\t<div class=\"elementor-widget-container\">\n\t\t\t\t\t<h1 class=\"elementor-heading-title elementor-size-default\">Contacto<\/h1>\t\t\t\t<\/div>\n\t\t\t\t<\/div>\n\t\t\t\t<div class=\"elementor-element elementor-element-176f2e6 elementor-widget-divider--view-line elementor-repeater-item-none elementor-repeater-item-none_hover elementor-widget elementor-widget-divider\" data-id=\"176f2e6\" data-element_type=\"widget\" data-e-type=\"widget\" data-widget_type=\"divider.default\">\n\t\t\t\t<div class=\"elementor-widget-container\">\n\t\t\t\t\t\t\t<div class=\"elementor-divider\">\n\t\t\t<span class=\"elementor-divider-separator\">\n\t\t\t\t\t\t<\/span>\n\t\t<\/div>\n\t\t\t\t\t\t<\/div>\n\t\t\t\t<\/div>\n\t\t\t\t<\/div>\n\t\t<div class=\"elementor-element elementor-element-5d91c98 e-con-full e-flex elementor-repeater-item-default_padding elementor-repeater-item-none elementor-repeater-item-none_hover e-con e-child\" data-id=\"5d91c98\" data-element_type=\"container\" data-e-type=\"container\" data-settings=\"{&quot;ang_container_spacing_size&quot;:&quot;default_padding&quot;}\">\n\t\t\t\t<div class=\"elementor-element elementor-element-80bd339 elementor-repeater-item-none elementor-repeater-item-none_hover elementor-widget elementor-widget-heading\" data-id=\"80bd339\" data-element_type=\"widget\" data-e-type=\"widget\" data-widget_type=\"heading.default\">\n\t\t\t\t<div class=\"elementor-widget-container\">\n\t\t\t\t\t<p class=\"elementor-heading-title elementor-size-default\">\u00bfBuscas consultor\u00eda t\u00e9cnica para proyectos de construcci\u00f3n?\nEstamos listos para ayudarte a planificar y ejecutar con precisi\u00f3n.<\/p>\t\t\t\t<\/div>\n\t\t\t\t<\/div>\n\t\t\t\t<div class=\"elementor-element elementor-element-a35f9af elementor-repeater-item-none elementor-repeater-item-none_hover elementor-widget elementor-widget-heading\" data-id=\"a35f9af\" data-element_type=\"widget\" data-e-type=\"widget\" data-widget_type=\"heading.default\">\n\t\t\t\t<div class=\"elementor-widget-container\">\n\t\t\t\t\t<p class=\"elementor-heading-title elementor-size-default\">Envianos tu consulta  a trav\u00e9s del formulario<\/p>\t\t\t\t<\/div>\n\t\t\t\t<\/div>\n\t\t\t\t<\/div>\n\t\t\t\t<\/div>\n\t\t\t\t<\/div>\n\t\t\t\t\t<\/div>\n\t\t\t\t<\/div>\n\t\t<div class=\"elementor-element elementor-element-7363de44 e-flex e-con-boxed elementor-repeater-item-default_padding sk-none elementor-repeater-item-none elementor-repeater-item-none_hover e-con e-parent\" data-id=\"7363de44\" data-element_type=\"container\" data-e-type=\"container\" data-settings=\"{&quot;background_background&quot;:&quot;classic&quot;,&quot;ang_container_spacing_size&quot;:&quot;default_padding&quot;}\">\n\t\t\t\t\t<div class=\"e-con-inner\">\n\t\t\t\t<div class=\"elementor-element elementor-element-760f8453 elementor-button-align-center elementor-repeater-item-none elementor-repeater-item-none_hover elementor-widget elementor-widget-form\" data-id=\"760f8453\" data-element_type=\"widget\" data-e-type=\"widget\" data-settings=\"{&quot;button_width&quot;:&quot;33&quot;,&quot;step_next_label&quot;:&quot;Siguiente&quot;,&quot;step_previous_label&quot;:&quot;Anterior&quot;,&quot;step_type&quot;:&quot;number_text&quot;,&quot;step_icon_shape&quot;:&quot;circle&quot;}\" data-widget_type=\"form.default\">\n\t\t\t\t<div class=\"elementor-widget-container\">\n\t\t\t\t\t\t\t<form class=\"elementor-form\" method=\"post\" name=\"New Form\" aria-label=\"New Form\">\n\t\t\t<input type=\"hidden\" name=\"post_id\" value=\"8443\"\/>\n\t\t\t<input type=\"hidden\" name=\"form_id\" value=\"760f8453\"\/>\n\t\t\t<input type=\"hidden\" name=\"referer_title\" value=\"NOVAK INGENIERIA SLP\" \/>\n\n\t\t\t\n\t\t\t<div class=\"elementor-form-fields-wrapper elementor-labels-\">\n\t\t\t\t\t\t\t\t<div class=\"elementor-field-type-text elementor-field-group elementor-column elementor-field-group-name elementor-col-50\">\n\t\t\t\t\t\t\t\t\t\t\t\t<label for=\"form-field-name\" class=\"elementor-field-label elementor-screen-only\">\n\t\t\t\t\t\t\t\tnombre\t\t\t\t\t\t\t<\/label>\n\t\t\t\t\t\t\t\t\t\t\t\t\t\t<input size=\"1\" type=\"text\" name=\"form_fields[name]\" id=\"form-field-name\" class=\"elementor-field elementor-size-md  elementor-field-textual\" placeholder=\"nombre\">\n\t\t\t\t\t\t\t\t\t\t\t<\/div>\n\t\t\t\t\t\t\t\t<div class=\"elementor-field-type-email elementor-field-group elementor-column elementor-field-group-email elementor-col-50 elementor-field-required\">\n\t\t\t\t\t\t\t\t\t\t\t\t<label for=\"form-field-email\" class=\"elementor-field-label elementor-screen-only\">\n\t\t\t\t\t\t\t\tEmail\t\t\t\t\t\t\t<\/label>\n\t\t\t\t\t\t\t\t\t\t\t\t\t\t<input size=\"1\" type=\"email\" name=\"form_fields[email]\" id=\"form-field-email\" class=\"elementor-field elementor-size-md  elementor-field-textual\" placeholder=\"    Email\" required=\"required\">\n\t\t\t\t\t\t\t\t\t\t\t<\/div>\n\t\t\t\t\t\t\t\t<div class=\"elementor-field-type-text elementor-field-group elementor-column elementor-field-group-field_a2bfd43 elementor-col-100\">\n\t\t\t\t\t\t\t\t\t\t\t\t<label for=\"form-field-field_a2bfd43\" class=\"elementor-field-label elementor-screen-only\">\n\t\t\t\t\t\t\t\tMensaje\t\t\t\t\t\t\t<\/label>\n\t\t\t\t\t\t\t\t\t\t\t\t\t\t<input size=\"1\" type=\"text\" name=\"form_fields[field_a2bfd43]\" id=\"form-field-field_a2bfd43\" class=\"elementor-field elementor-size-md  elementor-field-textual\" placeholder=\"Mensaje\">\n\t\t\t\t\t\t\t\t\t\t\t<\/div>\n\t\t\t\t\t\t\t\t<div class=\"elementor-field-type-text\">\n\t\t\t\t\t<input size=\"1\" type=\"text\" name=\"form_fields[field_02dde8b]\" id=\"form-field-field_02dde8b\" class=\"elementor-field elementor-size-md \" style=\"display:none !important;\">\t\t\t\t<\/div>\n\t\t\t\t\t\t\t\t<div class=\"elementor-field-type-recaptcha_v3 elementor-field-group elementor-column elementor-field-group-field_3db8d0d elementor-col-100 recaptcha_v3-bottomright\">\n\t\t\t\t\t<div class=\"elementor-field\" id=\"form-field-field_3db8d0d\"><div class=\"elementor-g-recaptcha\" data-sitekey=\"6LdniDsrAAAAAH7yqzB6_9dHOZihiVndem4FDHXF\" data-type=\"v3\" data-action=\"Form\" data-badge=\"bottomright\" data-size=\"invisible\"><\/div><\/div>\t\t\t\t<\/div>\n\t\t\t\t\t\t\t\t<div class=\"elementor-field-group elementor-column elementor-field-type-submit elementor-col-33 e-form__buttons\">\n\t\t\t\t\t<button class=\"elementor-button elementor-size-md\" type=\"submit\">\n\t\t\t\t\t\t<span class=\"elementor-button-content-wrapper\">\n\t\t\t\t\t\t\t\t\t\t\t\t\t\t\t\t\t\t\t\t\t\t<span class=\"elementor-button-text\">Enviar<\/span>\n\t\t\t\t\t\t\t\t\t\t\t\t\t<\/span>\n\t\t\t\t\t<\/button>\n\t\t\t\t<\/div>\n\t\t\t<\/div>\n\t\t<\/form>\n\t\t\t\t\t\t<\/div>\n\t\t\t\t<\/div>\n\t\t\t\t\t<\/div>\n\t\t\t\t<\/div>\n\t\t<div class=\"elementor-element elementor-element-4fffd8d e-flex e-con-boxed elementor-repeater-item-default_padding sk-none elementor-repeater-item-none elementor-repeater-item-none_hover e-con e-parent\" data-id=\"4fffd8d\" data-element_type=\"container\" data-e-type=\"container\" data-settings=\"{&quot;background_background&quot;:&quot;classic&quot;,&quot;ang_container_spacing_size&quot;:&quot;default_padding&quot;}\">\n\t\t\t\t\t<div class=\"e-con-inner\">\n\t\t<div class=\"elementor-element elementor-element-2eafed9 e-con-full e-flex elementor-repeater-item-default_padding sk-none elementor-repeater-item-none elementor-repeater-item-none_hover e-con e-child\" data-id=\"2eafed9\" data-element_type=\"container\" data-e-type=\"container\" data-settings=\"{&quot;background_background&quot;:&quot;classic&quot;,&quot;ang_container_spacing_size&quot;:&quot;default_padding&quot;}\">\n\t\t<div class=\"elementor-element elementor-element-984eac3 e-con-full e-flex elementor-repeater-item-default_padding elementor-repeater-item-none elementor-repeater-item-none_hover e-con e-child\" data-id=\"984eac3\" data-element_type=\"container\" data-e-type=\"container\" data-settings=\"{&quot;ang_container_spacing_size&quot;:&quot;default_padding&quot;}\">\n\t\t\t\t<div class=\"elementor-element elementor-element-0746b56 elementor-widget-mobile__width-initial elementor-repeater-item-none elementor-repeater-item-none_hover elementor-widget elementor-widget-heading\" data-id=\"0746b56\" data-element_type=\"widget\" data-e-type=\"widget\" data-widget_type=\"heading.default\">\n\t\t\t\t<div class=\"elementor-widget-container\">\n\t\t\t\t\t<p class=\"elementor-heading-title elementor-size-default\">Encuentr\u00e1nos<\/p>\t\t\t\t<\/div>\n\t\t\t\t<\/div>\n\t\t\t\t<div class=\"elementor-element elementor-element-3a02634 elementor-widget-mobile__width-initial elementor-repeater-item-none elementor-repeater-item-none_hover elementor-widget elementor-widget-heading\" data-id=\"3a02634\" data-element_type=\"widget\" data-e-type=\"widget\" data-widget_type=\"heading.default\">\n\t\t\t\t<div class=\"elementor-widget-container\">\n\t\t\t\t\t<p class=\"elementor-heading-title elementor-size-default\">C\/ CLARA DEL REY 75 , 5\u00baE, MADRID, MADRID, 28002<\/p>\t\t\t\t<\/div>\n\t\t\t\t<\/div>\n\t\t\t\t<\/div>\n\t\t<div class=\"elementor-element elementor-element-fe097f8 e-con-full e-flex elementor-repeater-item-default_padding elementor-repeater-item-none elementor-repeater-item-none_hover e-con e-child\" data-id=\"fe097f8\" data-element_type=\"container\" data-e-type=\"container\" data-settings=\"{&quot;ang_container_spacing_size&quot;:&quot;default_padding&quot;}\">\n\t\t\t\t<div class=\"elementor-element elementor-element-df7aee3 elementor-widget-mobile__width-initial elementor-repeater-item-none elementor-repeater-item-none_hover elementor-widget elementor-widget-heading\" data-id=\"df7aee3\" data-element_type=\"widget\" data-e-type=\"widget\" data-widget_type=\"heading.default\">\n\t\t\t\t<div class=\"elementor-widget-container\">\n\t\t\t\t\t<p class=\"elementor-heading-title elementor-size-default\">Habla con nosotros<\/p>\t\t\t\t<\/div>\n\t\t\t\t<\/div>\n\t\t\t\t<div class=\"elementor-element elementor-element-705934a elementor-widget-mobile__width-initial elementor-repeater-item-none elementor-repeater-item-none_hover elementor-widget elementor-widget-heading\" data-id=\"705934a\" data-element_type=\"widget\" data-e-type=\"widget\" data-widget_type=\"heading.default\">\n\t\t\t\t<div class=\"elementor-widget-container\">\n\t\t\t\t\t<p class=\"elementor-heading-title elementor-size-default\">NOVAK INGENIERIA SLP <\/p>\t\t\t\t<\/div>\n\t\t\t\t<\/div>\n\t\t\t\t<div class=\"elementor-element elementor-element-eb55c88 elementor-align-left elementor-mobile-align-center elementor-widget-mobile__width-initial elementor-tablet-align-center elementor-repeater-item-none elementor-repeater-item-none_hover elementor-widget elementor-widget-button\" data-id=\"eb55c88\" data-element_type=\"widget\" data-e-type=\"widget\" data-widget_type=\"button.default\">\n\t\t\t\t<div class=\"elementor-widget-container\">\n\t\t\t\t\t\t\t\t\t<div class=\"elementor-button-wrapper\">\n\t\t\t\t\t<a class=\"elementor-button elementor-button-link elementor-size-sm elementor-animation-grow\" href=\"http:\/\/luciachicharro@novakingenieria.es%20%20\">\n\t\t\t\t\t\t<span class=\"elementor-button-content-wrapper\">\n\t\t\t\t\t\t\t\t\t<span class=\"elementor-button-text\">luciachicharro@novakingenieria.es  <\/span>\n\t\t\t\t\t<\/span>\n\t\t\t\t\t<\/a>\n\t\t\t\t<\/div>\n\t\t\t\t\t\t\t\t<\/div>\n\t\t\t\t<\/div>\n\t\t\t\t<\/div>\n\t\t\t\t<\/div>\n\t\t\t\t\t<\/div>\n\t\t\t\t<\/div>\n\t\t<div class=\"elementor-element elementor-element-8abfd13 e-con-full e-flex elementor-repeater-item-default_padding sk-none elementor-repeater-item-none elementor-repeater-item-none_hover e-con e-parent\" data-id=\"8abfd13\" data-element_type=\"container\" data-e-type=\"container\" data-settings=\"{&quot;background_background&quot;:&quot;classic&quot;,&quot;ang_container_spacing_size&quot;:&quot;default_padding&quot;}\">\n\t\t<div class=\"elementor-element elementor-element-2edc335 e-con-full e-flex elementor-repeater-item-default_padding elementor-repeater-item-none elementor-repeater-item-none_hover e-con e-child\" data-id=\"2edc335\" data-element_type=\"container\" data-e-type=\"container\" data-settings=\"{&quot;ang_container_spacing_size&quot;:&quot;default_padding&quot;}\">\n\t\t\t\t<\/div>\n\t\t<div class=\"elementor-element elementor-element-8e34c6d e-con-full e-flex elementor-repeater-item-default_padding sk-none elementor-repeater-item-none elementor-repeater-item-none_hover e-con e-child\" data-id=\"8e34c6d\" data-element_type=\"container\" data-e-type=\"container\" data-settings=\"{&quot;background_background&quot;:&quot;classic&quot;,&quot;ang_container_spacing_size&quot;:&quot;default_padding&quot;}\">\n\t\t\t\t<div class=\"elementor-element elementor-element-590c333 elementor-repeater-item-none elementor-repeater-item-none_hover elementor-widget elementor-widget-heading\" data-id=\"590c333\" data-element_type=\"widget\" data-e-type=\"widget\" data-widget_type=\"heading.default\">\n\t\t\t\t<div class=\"elementor-widget-container\">\n\t\t\t\t\t<p class=\"elementor-heading-title elementor-size-default\">Encuentra nuestra oficina y ven a visitarnos\n<\/p>\t\t\t\t<\/div>\n\t\t\t\t<\/div>\n\t\t\t\t<\/div>\n\t\t\t\t<\/div>\n\t\t<div class=\"elementor-element elementor-element-2c7bbd5 e-con-full e-flex elementor-repeater-item-default_padding elementor-repeater-item-none elementor-repeater-item-none_hover e-con e-parent\" data-id=\"2c7bbd5\" data-element_type=\"container\" data-e-type=\"container\" data-settings=\"{&quot;ang_container_spacing_size&quot;:&quot;default_padding&quot;}\">\n\t\t<div class=\"elementor-element elementor-element-579757c e-con-full e-flex elementor-repeater-item-default_padding elementor-repeater-item-none elementor-repeater-item-none_hover e-con e-child\" data-id=\"579757c\" data-element_type=\"container\" data-e-type=\"container\" data-settings=\"{&quot;ang_container_spacing_size&quot;:&quot;default_padding&quot;}\">\n\t\t\t\t<div class=\"elementor-element elementor-element-4495527 elementor-repeater-item-none elementor-repeater-item-none_hover elementor-widget elementor-widget-google_maps\" data-id=\"4495527\" data-element_type=\"widget\" data-e-type=\"widget\" data-widget_type=\"google_maps.default\">\n\t\t\t\t<div class=\"elementor-widget-container\">\n\t\t\t\t\t\t\t<div class=\"elementor-custom-embed\">\n\t\t\t<iframe loading=\"lazy\"\n\t\t\t\t\tsrc=\"https:\/\/maps.google.com\/maps?q=C%2F%20CLARA%20DEL%20REY%2075%20%2C%205%C2%BAE%2C%20MADRID%2C%20MADRID%2C%2028002&#038;t=m&#038;z=10&#038;output=embed&#038;iwloc=near\"\n\t\t\t\t\ttitle=\"C\/ CLARA DEL REY 75 , 5\u00baE, MADRID, MADRID, 28002\"\n\t\t\t\t\taria-label=\"C\/ CLARA DEL REY 75 , 5\u00baE, MADRID, MADRID, 28002\"\n\t\t\t><\/iframe>\n\t\t<\/div>\n\t\t\t\t\t\t<\/div>\n\t\t\t\t<\/div>\n\t\t\t\t<\/div>\n\t\t\t\t<\/div>\n\t\t<div class=\"elementor-element elementor-element-67a4c2b e-flex e-con-boxed elementor-repeater-item-default_padding sk-none elementor-repeater-item-none elementor-repeater-item-none_hover e-con e-parent\" data-id=\"67a4c2b\" data-element_type=\"container\" data-e-type=\"container\" data-settings=\"{&quot;background_background&quot;:&quot;classic&quot;,&quot;ang_container_spacing_size&quot;:&quot;default_padding&quot;}\">\n\t\t\t\t\t<div class=\"e-con-inner\">\n\t\t<div class=\"elementor-element elementor-element-746ad94 e-con-full e-flex elementor-repeater-item-default_padding elementor-repeater-item-none elementor-repeater-item-none_hover e-con e-child\" data-id=\"746ad94\" data-element_type=\"container\" data-e-type=\"container\" data-settings=\"{&quot;ang_container_spacing_size&quot;:&quot;default_padding&quot;}\">\n\t\t\t\t<div class=\"elementor-element elementor-element-b3e8514 elementor-repeater-item-none elementor-repeater-item-none_hover elementor-widget elementor-widget-spacer\" data-id=\"b3e8514\" data-element_type=\"widget\" data-e-type=\"widget\" data-widget_type=\"spacer.default\">\n\t\t\t\t<div class=\"elementor-widget-container\">\n\t\t\t\t\t\t\t<div class=\"elementor-spacer\">\n\t\t\t<div class=\"elementor-spacer-inner\"><\/div>\n\t\t<\/div>\n\t\t\t\t\t\t<\/div>\n\t\t\t\t<\/div>\n\t\t\t\t<\/div>\n\t\t\t\t\t<\/div>\n\t\t\t\t<\/div>\n\t\t\t\t<\/div>\n\t\t","protected":false},"excerpt":{"rendered":"<p>Contacto \u00bfBuscas consultor\u00eda t\u00e9cnica para proyectos de construcci\u00f3n? Estamos listos para ayudarte a planificar y ejecutar con precisi\u00f3n. Envianos tu consulta a trav\u00e9s del formulario Encuentr\u00e1nos Habla con nosotros Encuentra nuestra oficina y ven a visitarnos<\/p>\n","protected":false},"author":3,"featured_media":0,"parent":0,"menu_order":0,"comment_status":"closed","ping_status":"closed","template":"elementor_header_footer","meta":{"_acf_changed":false,"footnotes":""},"class_list":["post-8443","page","type-page","status-publish"],"yoast_head":"<!-- This site is optimized with the Yoast SEO plugin v27.4 - https:\/\/yoast.com\/product\/yoast-seo-wordpress\/ -->\n<title>Consultor\u00eda t\u00e9cnica para proyectos de construcci\u00f3n | NOVAK INGENIER\u00cdA<\/title>\n<meta name=\"description\" content=\"Contacta con NOVAK INGENIER\u00cdA para servicios de consultor\u00eda t\u00e9cnica para proyectos de construcci\u00f3n. Te asesoramos en cada fase del proceso.\" \/>\n<meta name=\"robots\" content=\"index, follow, max-snippet:-1, max-image-preview:large, max-video-preview:-1\" \/>\n<link rel=\"canonical\" href=\"https:\/\/b86118585.es\/%20\/contacto\/\" \/>\n<meta property=\"og:locale\" content=\"es_ES\" \/>\n<meta property=\"og:type\" content=\"article\" \/>\n<meta property=\"og:title\" content=\"Consultor\u00eda t\u00e9cnica para proyectos de construcci\u00f3n | NOVAK INGENIER\u00cdA\" \/>\n<meta property=\"og:description\" content=\"Contacta con NOVAK INGENIER\u00cdA para servicios de consultor\u00eda t\u00e9cnica para proyectos de construcci\u00f3n. Te asesoramos en cada fase del proceso.\" \/>\n<meta property=\"og:url\" content=\"https:\/\/b86118585.es\/ \/contacto\/\" \/>\n<meta property=\"og:site_name\" content=\"NOVAK INGENIERIA SLP\" \/>\n<meta property=\"article:modified_time\" content=\"2025-06-16T20:52:46+00:00\" \/>\n<meta name=\"twitter:card\" content=\"summary_large_image\" \/>\n<meta name=\"twitter:label1\" content=\"Tiempo de lectura\" \/>\n\t<meta name=\"twitter:data1\" content=\"1 minuto\" \/>\n<script type=\"application\/ld+json\" class=\"yoast-schema-graph\">{\"@context\":\"https:\\\/\\\/schema.org\",\"@graph\":[{\"@type\":\"WebPage\",\"@id\":\"https:\\\/\\\/b86118585.es\\\/%20\\\/contacto\\\/\",\"url\":\"https:\\\/\\\/b86118585.es\\\/%20\\\/contacto\\\/\",\"name\":\"Consultor\u00eda t\u00e9cnica para proyectos de construcci\u00f3n | NOVAK INGENIER\u00cdA\",\"isPartOf\":{\"@id\":\"https:\\\/\\\/novakingenieria.com\\\/%20\\\/#website\"},\"datePublished\":\"2024-12-03T15:42:18+00:00\",\"dateModified\":\"2025-06-16T20:52:46+00:00\",\"description\":\"Contacta con NOVAK INGENIER\u00cdA para servicios de consultor\u00eda t\u00e9cnica para proyectos de construcci\u00f3n. Te asesoramos en cada fase del proceso.\",\"breadcrumb\":{\"@id\":\"https:\\\/\\\/b86118585.es\\\/%20\\\/contacto\\\/#breadcrumb\"},\"inLanguage\":\"es\",\"potentialAction\":[{\"@type\":\"ReadAction\",\"target\":[\"https:\\\/\\\/b86118585.es\\\/%20\\\/contacto\\\/\"]}]},{\"@type\":\"BreadcrumbList\",\"@id\":\"https:\\\/\\\/b86118585.es\\\/%20\\\/contacto\\\/#breadcrumb\",\"itemListElement\":[{\"@type\":\"ListItem\",\"position\":1,\"name\":\"Portada\",\"item\":\"https:\\\/\\\/novakingenieria.com\\\/%20\\\/\"},{\"@type\":\"ListItem\",\"position\":2,\"name\":\"Contacto\"}]},{\"@type\":\"WebSite\",\"@id\":\"https:\\\/\\\/novakingenieria.com\\\/%20\\\/#website\",\"url\":\"https:\\\/\\\/novakingenieria.com\\\/%20\\\/\",\"name\":\"NOVAK INGENIERIA SLP\",\"description\":\" estudios y proyectos de arquitectura, urbanismo, topografia\",\"potentialAction\":[{\"@type\":\"SearchAction\",\"target\":{\"@type\":\"EntryPoint\",\"urlTemplate\":\"https:\\\/\\\/novakingenieria.com\\\/%20\\\/?s={search_term_string}\"},\"query-input\":{\"@type\":\"PropertyValueSpecification\",\"valueRequired\":true,\"valueName\":\"search_term_string\"}}],\"inLanguage\":\"es\"}]}<\/script>\n<!-- \/ Yoast SEO plugin. -->","yoast_head_json":{"title":"Consultor\u00eda t\u00e9cnica para proyectos de construcci\u00f3n | NOVAK INGENIER\u00cdA","description":"Contacta con NOVAK INGENIER\u00cdA para servicios de consultor\u00eda t\u00e9cnica para proyectos de construcci\u00f3n. Te asesoramos en cada fase del proceso.","robots":{"index":"index","follow":"follow","max-snippet":"max-snippet:-1","max-image-preview":"max-image-preview:large","max-video-preview":"max-video-preview:-1"},"canonical":"https:\/\/b86118585.es\/ \/contacto\/","og_locale":"es_ES","og_type":"article","og_title":"Consultor\u00eda t\u00e9cnica para proyectos de construcci\u00f3n | NOVAK INGENIER\u00cdA","og_description":"Contacta con NOVAK INGENIER\u00cdA para servicios de consultor\u00eda t\u00e9cnica para proyectos de construcci\u00f3n. Te asesoramos en cada fase del proceso.","og_url":"https:\/\/b86118585.es\/ \/contacto\/","og_site_name":"NOVAK INGENIERIA SLP","article_modified_time":"2025-06-16T20:52:46+00:00","twitter_card":"summary_large_image","twitter_misc":{"Tiempo de lectura":"1 minuto"},"schema":{"@context":"https:\/\/schema.org","@graph":[{"@type":"WebPage","@id":"https:\/\/b86118585.es\/%20\/contacto\/","url":"https:\/\/b86118585.es\/%20\/contacto\/","name":"Consultor\u00eda t\u00e9cnica para proyectos de construcci\u00f3n | NOVAK INGENIER\u00cdA","isPartOf":{"@id":"https:\/\/novakingenieria.com\/%20\/#website"},"datePublished":"2024-12-03T15:42:18+00:00","dateModified":"2025-06-16T20:52:46+00:00","description":"Contacta con NOVAK INGENIER\u00cdA para servicios de consultor\u00eda t\u00e9cnica para proyectos de construcci\u00f3n. Te asesoramos en cada fase del proceso.","breadcrumb":{"@id":"https:\/\/b86118585.es\/%20\/contacto\/#breadcrumb"},"inLanguage":"es","potentialAction":[{"@type":"ReadAction","target":["https:\/\/b86118585.es\/%20\/contacto\/"]}]},{"@type":"BreadcrumbList","@id":"https:\/\/b86118585.es\/%20\/contacto\/#breadcrumb","itemListElement":[{"@type":"ListItem","position":1,"name":"Portada","item":"https:\/\/novakingenieria.com\/%20\/"},{"@type":"ListItem","position":2,"name":"Contacto"}]},{"@type":"WebSite","@id":"https:\/\/novakingenieria.com\/%20\/#website","url":"https:\/\/novakingenieria.com\/%20\/","name":"NOVAK INGENIERIA SLP","description":" estudios y proyectos de arquitectura, urbanismo, topografia","potentialAction":[{"@type":"SearchAction","target":{"@type":"EntryPoint","urlTemplate":"https:\/\/novakingenieria.com\/%20\/?s={search_term_string}"},"query-input":{"@type":"PropertyValueSpecification","valueRequired":true,"valueName":"search_term_string"}}],"inLanguage":"es"}]}},"acf":[],"_links":{"self":[{"href":"https:\/\/novakingenieria.com\/%20\/wp-json\/wp\/v2\/pages\/8443","targetHints":{"allow":["GET"]}}],"collection":[{"href":"https:\/\/novakingenieria.com\/%20\/wp-json\/wp\/v2\/pages"}],"about":[{"href":"https:\/\/novakingenieria.com\/%20\/wp-json\/wp\/v2\/types\/page"}],"author":[{"embeddable":true,"href":"https:\/\/novakingenieria.com\/%20\/wp-json\/wp\/v2\/users\/3"}],"replies":[{"embeddable":true,"href":"https:\/\/novakingenieria.com\/%20\/wp-json\/wp\/v2\/comments?post=8443"}],"version-history":[{"count":0,"href":"https:\/\/novakingenieria.com\/%20\/wp-json\/wp\/v2\/pages\/8443\/revisions"}],"wp:attachment":[{"href":"https:\/\/novakingenieria.com\/%20\/wp-json\/wp\/v2\/media?parent=8443"}],"curies":[{"name":"wp","href":"https:\/\/api.w.org\/{rel}","templated":true}]}}