{"id":1927,"date":"2024-10-04T17:15:45","date_gmt":"2024-10-04T15:15:45","guid":{"rendered":"https:\/\/sites1.tempurl.host\/b86118585.es\/?page_id=1927"},"modified":"2025-04-03T19:33:03","modified_gmt":"2025-04-03T17:33:03","slug":"aviso-legal","status":"publish","type":"page","link":"https:\/\/novakingenieria.com\/%20\/aviso-legal\/","title":{"rendered":"Aviso Legal"},"content":{"rendered":"\t\t<div data-elementor-type=\"wp-page\" data-elementor-id=\"1927\" class=\"elementor elementor-1927\" data-elementor-post-type=\"page\">\n\t\t\t\t<div class=\"elementor-element elementor-element-583446c1 e-con-full e-flex elementor-repeater-item-default_padding sk-none elementor-repeater-item-none elementor-repeater-item-none_hover e-con e-parent\" data-id=\"583446c1\" data-element_type=\"container\" data-e-type=\"container\" data-settings=\"{&quot;background_background&quot;:&quot;classic&quot;,&quot;ang_container_spacing_size&quot;:&quot;default_padding&quot;}\">\n\t\t\t\t<div class=\"elementor-element elementor-element-b670a20 elementor-repeater-item-none elementor-repeater-item-none_hover elementor-widget elementor-widget-heading\" data-id=\"b670a20\" data-element_type=\"widget\" data-e-type=\"widget\" data-widget_type=\"heading.default\">\n\t\t\t\t<div class=\"elementor-widget-container\">\n\t\t\t\t\t<h2 class=\"elementor-heading-title elementor-size-default\">Pol\u00edtica de accesibilidad<\/h2>\t\t\t\t<\/div>\n\t\t\t\t<\/div>\n\t\t\t\t<\/div>\n\t\t<div class=\"elementor-element elementor-element-4cd0ebfb e-flex e-con-boxed elementor-repeater-item-default_padding elementor-repeater-item-none elementor-repeater-item-none_hover e-con e-parent\" data-id=\"4cd0ebfb\" data-element_type=\"container\" data-e-type=\"container\" data-settings=\"{&quot;ang_container_spacing_size&quot;:&quot;default_padding&quot;}\">\n\t\t\t\t\t<div class=\"e-con-inner\">\n\t\t\t\t<div class=\"elementor-element elementor-element-59d002be elementor-repeater-item-none elementor-repeater-item-none_hover elementor-widget elementor-widget-text-editor\" data-id=\"59d002be\" data-element_type=\"widget\" data-e-type=\"widget\" data-widget_type=\"text-editor.default\">\n\t\t\t\t<div class=\"elementor-widget-container\">\n\t\t\t\t\t\t\t\t\t<p><span style=\"font-weight: 400\">En la construcci\u00f3n de la p\u00e1gina web de NOVAK INGENIERIA SLP <\/span><span style=\"font-weight: 400\">\u00a0se han adoptado medidas con el objetivo de que el mayor n\u00famero posible de personas puedan llegar a la informaci\u00f3n que se transmite en ella, independientemente de las limitaciones de la persona o de las que se deriven del contexto de uso.<\/span><\/p><p><span style=\"font-weight: 400\">As\u00ed, en la confecci\u00f3n del portal se han tenido en cuenta los siguientes aspectos:<\/span><\/p><ul><li style=\"font-weight: 400\"><span style=\"font-weight: 400\">Uso de CSS para la presentaci\u00f3n de la informaci\u00f3n.<\/span><\/li><li style=\"font-weight: 400\"><span style=\"font-weight: 400\">Etiquetas de marcaje.<\/span><\/li><li style=\"font-weight: 400\"><span style=\"font-weight: 400\">Sistemas de navegaci\u00f3n usables, intuitivos y alternativos.<\/span><\/li><li style=\"font-weight: 400\"><span style=\"font-weight: 400\">Descripciones alternativas en las im\u00e1genes.<\/span><\/li><li style=\"font-weight: 400\"><span style=\"font-weight: 400\">Verificaciones en la visualizaci\u00f3n con diferentes navegadores y dispositivos.<\/span><\/li><li style=\"font-weight: 400\"><span style=\"font-weight: 400\">Utilizaci\u00f3n de formatos universales y alternativos.<\/span><\/li><li style=\"font-weight: 400\"><span style=\"font-weight: 400\">Los enlaces ofrecen detalles de la funci\u00f3n o destino del hiperv\u00ednculo.<\/span><\/li><li style=\"font-weight: 400\"><span style=\"font-weight: 400\">Uso de los est\u00e1ndares del W3C.<\/span><\/li><li style=\"font-weight: 400\"><span style=\"font-weight: 400\">Acceso mediante atajos teclado a las principales opciones.<\/span><\/li><\/ul><h3><span style=\"font-weight: 400\">Cumplimiento de los est\u00e1ndares<\/span><\/h3><p><span style=\"font-weight: 400\">Las p\u00e1ginas de este sitio Web cumplen la marca AA seg\u00fan la Norma UNE 139803:2004 y las Directrices de Accesibilidad para el Contenido Web 1.0 del W3C. Todos los requisitos de Prioridad 1 y Prioridad 2 y un subconjunto de los requisitos de Prioridad 3 han sido comprobados con un an\u00e1lisis manual de la accesibilidad a trav\u00e9s de diferentes herramientas semi-autom\u00e1ticas y agentes de usuario.<\/span><\/p><h3><span style=\"font-weight: 400\">Atajos de teclado<\/span><\/h3><p><span style=\"font-weight: 400\">En esta Web puede hacer saltos ordenados en el contenido con la tecla Tab.<\/span><\/p><h3><span style=\"font-weight: 400\">Tama\u00f1o del texto<\/span><\/h3><p><span style=\"font-weight: 400\">El dise\u00f1o accesible permite que el usuario pueda ajustar las fuentes al tama\u00f1o que le convenga. Esta acci\u00f3n puede llevarse a cabo de diferentes maneras seg\u00fan el navegador web que se utilice. A continuaci\u00f3n se indica la acci\u00f3n de men\u00fa donde se encuentra esta funcionalidad en los navegadores m\u00e1s frecuentes:<\/span><\/p><ul><li style=\"font-weight: 400\"><span style=\"font-weight: 400\">Mozilla Firefox: Ver &gt; Tama\u00f1o de texto &gt; Incrementar Internet<\/span><\/li><li style=\"font-weight: 400\"><span style=\"font-weight: 400\">Internet Explorer: Ver &gt; Tama\u00f1o de texto &gt; M\u00e1s grande<\/span><\/li><li style=\"font-weight: 400\"><span style=\"font-weight: 400\">Opera: View &gt; Zoom &gt; %<\/span><\/li><li style=\"font-weight: 400\"><span style=\"font-weight: 400\">Safari: View &gt; Make text bigger<\/span><\/li><li style=\"font-weight: 400\"><span style=\"font-weight: 400\">Google Chrome: Herramientas &gt; Zoom<\/span><\/li><\/ul><h3><span style=\"font-weight: 400\">Configuraci\u00f3n t\u00e9cnica<\/span><\/h3><p><span style=\"font-weight: 400\">Las p\u00e1ginas web est\u00e1n creadas con el CMS WordPress <\/span><strong>6.7.2<\/strong><\/p><h3><span style=\"font-weight: 400\">Informaci\u00f3n \u00fatil sobre la accesibilidad<\/span><\/h3><p><span style=\"font-weight: 400\">Seguidamente se exponen una serie de enlaces organizados en diferentes categor\u00edas \u00fatiles para obtener m\u00e1s informaci\u00f3n sobre la accesibilidad.<\/span><\/p><h4><span style=\"font-weight: 400\">Accesibilidad normas y documentos t\u00e9cnicos:<\/span><\/h4><p><a href=\"http:\/\/www.w3c.org\/\"><span style=\"font-weight: 400\">http:\/\/www.w3c.org\/<\/span><span style=\"font-weight: 400\"><br \/><\/span><\/a><span style=\"font-weight: 400\">Consorcio World Wide Web, grupo de trabajo de \u00e1mbito internacional que dicta l\u00edneas generales relacionadas con la web.<\/span><\/p><p><a href=\"http:\/\/www.w3c.org\/wai\/\"><span style=\"font-weight: 400\">http:\/\/www.w3c.org\/wai\/<\/span><span style=\"font-weight: 400\"><br \/><\/span><\/a><span style=\"font-weight: 400\">Iniciativa de Accesibilidad Web del W3C.<\/span><\/p>\t\t\t\t\t\t\t\t<\/div>\n\t\t\t\t<\/div>\n\t\t\t\t\t<\/div>\n\t\t\t\t<\/div>\n\t\t\t\t<\/div>\n\t\t","protected":false},"excerpt":{"rendered":"<p>Pol\u00edtica de accesibilidad En la construcci\u00f3n de la p\u00e1gina web de NOVAK INGENIERIA SLP \u00a0se han adoptado medidas con el objetivo de que el mayor n\u00famero posible de personas puedan llegar a la informaci\u00f3n que se transmite en ella, independientemente de las limitaciones de la persona o de las que se deriven del contexto de &#8230; <a title=\"Aviso Legal\" class=\"read-more\" href=\"https:\/\/novakingenieria.com\/%20\/aviso-legal\/\" aria-label=\"Leer m\u00e1s sobre Aviso Legal\">Leer m\u00e1s<\/a><\/p>\n","protected":false},"author":3,"featured_media":0,"parent":0,"menu_order":0,"comment_status":"closed","ping_status":"closed","template":"elementor_header_footer","meta":{"_acf_changed":false,"footnotes":""},"class_list":["post-1927","page","type-page","status-publish"],"yoast_head":"<!-- This site is optimized with the Yoast SEO plugin v27.4 - https:\/\/yoast.com\/product\/yoast-seo-wordpress\/ -->\n<title>Aviso Legal - NOVAK INGENIERIA SLP<\/title>\n<meta name=\"robots\" content=\"index, follow, max-snippet:-1, max-image-preview:large, max-video-preview:-1\" \/>\n<link rel=\"canonical\" href=\"https:\/\/b86118585.es\/%20\/aviso-legal\/\" \/>\n<meta property=\"og:locale\" content=\"es_ES\" \/>\n<meta property=\"og:type\" content=\"article\" \/>\n<meta property=\"og:title\" content=\"Aviso Legal - NOVAK INGENIERIA SLP\" \/>\n<meta property=\"og:description\" content=\"Pol\u00edtica de accesibilidad En la construcci\u00f3n de la p\u00e1gina web de NOVAK INGENIERIA SLP \u00a0se han adoptado medidas con el objetivo de que el mayor n\u00famero posible de personas puedan llegar a la informaci\u00f3n que se transmite en ella, independientemente de las limitaciones de la persona o de las que se deriven del contexto de ... Leer m\u00e1s\" \/>\n<meta property=\"og:url\" content=\"https:\/\/b86118585.es\/ \/aviso-legal\/\" \/>\n<meta property=\"og:site_name\" content=\"NOVAK INGENIERIA SLP\" \/>\n<meta property=\"article:modified_time\" content=\"2025-04-03T17:33:03+00:00\" \/>\n<meta name=\"twitter:card\" content=\"summary_large_image\" \/>\n<meta name=\"twitter:label1\" content=\"Tiempo de lectura\" \/>\n\t<meta name=\"twitter:data1\" content=\"2 minutos\" \/>\n<script type=\"application\/ld+json\" class=\"yoast-schema-graph\">{\"@context\":\"https:\\\/\\\/schema.org\",\"@graph\":[{\"@type\":\"WebPage\",\"@id\":\"https:\\\/\\\/b86118585.es\\\/%20\\\/aviso-legal\\\/\",\"url\":\"https:\\\/\\\/b86118585.es\\\/%20\\\/aviso-legal\\\/\",\"name\":\"Aviso Legal - NOVAK INGENIERIA SLP\",\"isPartOf\":{\"@id\":\"https:\\\/\\\/novakingenieria.com\\\/%20\\\/#website\"},\"datePublished\":\"2024-10-04T15:15:45+00:00\",\"dateModified\":\"2025-04-03T17:33:03+00:00\",\"breadcrumb\":{\"@id\":\"https:\\\/\\\/b86118585.es\\\/%20\\\/aviso-legal\\\/#breadcrumb\"},\"inLanguage\":\"es\",\"potentialAction\":[{\"@type\":\"ReadAction\",\"target\":[\"https:\\\/\\\/b86118585.es\\\/%20\\\/aviso-legal\\\/\"]}]},{\"@type\":\"BreadcrumbList\",\"@id\":\"https:\\\/\\\/b86118585.es\\\/%20\\\/aviso-legal\\\/#breadcrumb\",\"itemListElement\":[{\"@type\":\"ListItem\",\"position\":1,\"name\":\"Portada\",\"item\":\"https:\\\/\\\/novakingenieria.com\\\/%20\\\/\"},{\"@type\":\"ListItem\",\"position\":2,\"name\":\"Aviso Legal\"}]},{\"@type\":\"WebSite\",\"@id\":\"https:\\\/\\\/novakingenieria.com\\\/%20\\\/#website\",\"url\":\"https:\\\/\\\/novakingenieria.com\\\/%20\\\/\",\"name\":\"NOVAK INGENIERIA SLP\",\"description\":\" estudios y proyectos de arquitectura, urbanismo, topografia\",\"potentialAction\":[{\"@type\":\"SearchAction\",\"target\":{\"@type\":\"EntryPoint\",\"urlTemplate\":\"https:\\\/\\\/novakingenieria.com\\\/%20\\\/?s={search_term_string}\"},\"query-input\":{\"@type\":\"PropertyValueSpecification\",\"valueRequired\":true,\"valueName\":\"search_term_string\"}}],\"inLanguage\":\"es\"}]}<\/script>\n<!-- \/ Yoast SEO plugin. -->","yoast_head_json":{"title":"Aviso Legal - NOVAK INGENIERIA SLP","robots":{"index":"index","follow":"follow","max-snippet":"max-snippet:-1","max-image-preview":"max-image-preview:large","max-video-preview":"max-video-preview:-1"},"canonical":"https:\/\/b86118585.es\/ \/aviso-legal\/","og_locale":"es_ES","og_type":"article","og_title":"Aviso Legal - NOVAK INGENIERIA SLP","og_description":"Pol\u00edtica de accesibilidad En la construcci\u00f3n de la p\u00e1gina web de NOVAK INGENIERIA SLP \u00a0se han adoptado medidas con el objetivo de que el mayor n\u00famero posible de personas puedan llegar a la informaci\u00f3n que se transmite en ella, independientemente de las limitaciones de la persona o de las que se deriven del contexto de ... Leer m\u00e1s","og_url":"https:\/\/b86118585.es\/ \/aviso-legal\/","og_site_name":"NOVAK INGENIERIA SLP","article_modified_time":"2025-04-03T17:33:03+00:00","twitter_card":"summary_large_image","twitter_misc":{"Tiempo de lectura":"2 minutos"},"schema":{"@context":"https:\/\/schema.org","@graph":[{"@type":"WebPage","@id":"https:\/\/b86118585.es\/%20\/aviso-legal\/","url":"https:\/\/b86118585.es\/%20\/aviso-legal\/","name":"Aviso Legal - NOVAK INGENIERIA SLP","isPartOf":{"@id":"https:\/\/novakingenieria.com\/%20\/#website"},"datePublished":"2024-10-04T15:15:45+00:00","dateModified":"2025-04-03T17:33:03+00:00","breadcrumb":{"@id":"https:\/\/b86118585.es\/%20\/aviso-legal\/#breadcrumb"},"inLanguage":"es","potentialAction":[{"@type":"ReadAction","target":["https:\/\/b86118585.es\/%20\/aviso-legal\/"]}]},{"@type":"BreadcrumbList","@id":"https:\/\/b86118585.es\/%20\/aviso-legal\/#breadcrumb","itemListElement":[{"@type":"ListItem","position":1,"name":"Portada","item":"https:\/\/novakingenieria.com\/%20\/"},{"@type":"ListItem","position":2,"name":"Aviso Legal"}]},{"@type":"WebSite","@id":"https:\/\/novakingenieria.com\/%20\/#website","url":"https:\/\/novakingenieria.com\/%20\/","name":"NOVAK INGENIERIA SLP","description":" estudios y proyectos de arquitectura, urbanismo, topografia","potentialAction":[{"@type":"SearchAction","target":{"@type":"EntryPoint","urlTemplate":"https:\/\/novakingenieria.com\/%20\/?s={search_term_string}"},"query-input":{"@type":"PropertyValueSpecification","valueRequired":true,"valueName":"search_term_string"}}],"inLanguage":"es"}]}},"acf":[],"_links":{"self":[{"href":"https:\/\/novakingenieria.com\/%20\/wp-json\/wp\/v2\/pages\/1927","targetHints":{"allow":["GET"]}}],"collection":[{"href":"https:\/\/novakingenieria.com\/%20\/wp-json\/wp\/v2\/pages"}],"about":[{"href":"https:\/\/novakingenieria.com\/%20\/wp-json\/wp\/v2\/types\/page"}],"author":[{"embeddable":true,"href":"https:\/\/novakingenieria.com\/%20\/wp-json\/wp\/v2\/users\/3"}],"replies":[{"embeddable":true,"href":"https:\/\/novakingenieria.com\/%20\/wp-json\/wp\/v2\/comments?post=1927"}],"version-history":[{"count":0,"href":"https:\/\/novakingenieria.com\/%20\/wp-json\/wp\/v2\/pages\/1927\/revisions"}],"wp:attachment":[{"href":"https:\/\/novakingenieria.com\/%20\/wp-json\/wp\/v2\/media?parent=1927"}],"curies":[{"name":"wp","href":"https:\/\/api.w.org\/{rel}","templated":true}]}}